{"id":224,"date":"2020-07-02T18:00:53","date_gmt":"2020-07-02T18:00:53","guid":{"rendered":"http:\/\/funnykidspartyevents.com\/?page_id=224"},"modified":"2022-05-18T15:26:24","modified_gmt":"2022-05-18T15:26:24","slug":"startseite-francais","status":"publish","type":"page","link":"https:\/\/funnykidspartyevents.com\/?page_id=224&lang=fr","title":{"rendered":"Startseite &#8211; Fran\u00e7ais"},"content":{"rendered":"\t\t<div data-elementor-type=\"wp-page\" data-elementor-id=\"224\" class=\"elementor elementor-224\" data-elementor-settings=\"[]\">\n\t\t\t<div class=\"elementor-inner\">\n\t\t\t\t<div class=\"elementor-section-wrap\">\n\t\t\t\t\t\t\t<section class=\"elementor-element elementor-element-675c730 elementor-section-boxed elementor-section-height-default elementor-section-height-default elementor-section elementor-top-section\" data-id=\"675c730\" data-element_type=\"section\">\n\t\t\t\t\t\t<div class=\"elementor-container elementor-column-gap-default\">\n\t\t\t\t<div class=\"elementor-row\">\n\t\t\t\t<div class=\"elementor-element elementor-element-b100746 elementor-column elementor-col-100 elementor-top-column\" data-id=\"b100746\" data-element_type=\"column\">\n\t\t\t<div class=\"elementor-column-wrap  elementor-element-populated\">\n\t\t\t\t\t<div class=\"elementor-widget-wrap\">\n\t\t\t\t<div class=\"elementor-element elementor-element-e819707 elementor-widget elementor-widget-text-editor\" data-id=\"e819707\" data-element_type=\"widget\" data-widget_type=\"text-editor.default\">\n\t\t\t\t<div class=\"elementor-widget-container\">\n\t\t\t\t\t<div class=\"elementor-text-editor elementor-clearfix\"><p><strong>FunnyKidsPartyEvent<\/strong> est la garantie de la r\u00e9ussite de votre f\u00eate<\/p><p>Amusant \ud83d\ude04\ud83c\udf89, joie, rire. Anniversaire bien s\u00fbr, mais FunnyKidsPartyEvents est aussi un partenaire id\u00e9al pour divers \u00e9v\u00e9nements tels que la f\u00eate d&#8217;\u00e9t\u00e9, la f\u00eate de saison, les \u00e9v\u00e9nements d&#8217;entreprise, la f\u00eate de famille et toutes vos f\u00eates d&#8217;enfants.<\/p><p>A la maison, dans votre jardin, dans les parcs publics,&#8230;<\/p><\/div>\n\t\t\t\t<\/div>\n\t\t\t\t<\/div>\n\t\t\t\t<div class=\"elementor-element elementor-element-2a9d9ae elementor-widget elementor-widget-image-gallery\" data-id=\"2a9d9ae\" data-element_type=\"widget\" data-widget_type=\"image-gallery.default\">\n\t\t\t\t<div class=\"elementor-widget-container\">\n\t\t\t\t\t<div class=\"elementor-image-gallery\">\n\t\t\t<div id='gallery-1' class='gallery galleryid-224 gallery-columns-3 gallery-size-medium'><figure class='gallery-item'>\n\t\t\t<div class='gallery-icon portrait'>\n\t\t\t\t<a data-elementor-open-lightbox=\"yes\" data-elementor-lightbox-slideshow=\"2a9d9ae\" data-elementor-lightbox-title=\"89462911_661834997976416_8023625256893677568_n\" href='https:\/\/funnykidspartyevents.com\/wp-content\/uploads\/2020\/06\/89462911_661834997976416_8023625256893677568_n.jpg'><img width=\"225\" height=\"300\" src=\"https:\/\/funnykidspartyevents.com\/wp-content\/uploads\/2020\/06\/89462911_661834997976416_8023625256893677568_n-225x300.jpg\" class=\"attachment-medium size-medium\" alt=\"\" loading=\"lazy\" srcset=\"https:\/\/funnykidspartyevents.com\/wp-content\/uploads\/2020\/06\/89462911_661834997976416_8023625256893677568_n-225x300.jpg 225w, https:\/\/funnykidspartyevents.com\/wp-content\/uploads\/2020\/06\/89462911_661834997976416_8023625256893677568_n.jpg 720w\" sizes=\"(max-width: 225px) 100vw, 225px\" \/><\/a>\n\t\t\t<\/div><\/figure><figure class='gallery-item'>\n\t\t\t<div class='gallery-icon portrait'>\n\t\t\t\t<a data-elementor-open-lightbox=\"yes\" data-elementor-lightbox-slideshow=\"2a9d9ae\" data-elementor-lightbox-title=\"105705382_740934063399842_6229148247889798990_o\" href='https:\/\/funnykidspartyevents.com\/wp-content\/uploads\/2020\/06\/105705382_740934063399842_6229148247889798990_o.jpg'><img width=\"157\" height=\"300\" src=\"https:\/\/funnykidspartyevents.com\/wp-content\/uploads\/2020\/06\/105705382_740934063399842_6229148247889798990_o-157x300.jpg\" class=\"attachment-medium size-medium\" alt=\"\" loading=\"lazy\" srcset=\"https:\/\/funnykidspartyevents.com\/wp-content\/uploads\/2020\/06\/105705382_740934063399842_6229148247889798990_o-157x300.jpg 157w, https:\/\/funnykidspartyevents.com\/wp-content\/uploads\/2020\/06\/105705382_740934063399842_6229148247889798990_o-537x1024.jpg 537w, https:\/\/funnykidspartyevents.com\/wp-content\/uploads\/2020\/06\/105705382_740934063399842_6229148247889798990_o-768x1464.jpg 768w, https:\/\/funnykidspartyevents.com\/wp-content\/uploads\/2020\/06\/105705382_740934063399842_6229148247889798990_o-806x1536.jpg 806w, https:\/\/funnykidspartyevents.com\/wp-content\/uploads\/2020\/06\/105705382_740934063399842_6229148247889798990_o.jpg 896w\" sizes=\"(max-width: 157px) 100vw, 157px\" \/><\/a>\n\t\t\t<\/div><\/figure><figure class='gallery-item'>\n\t\t\t<div class='gallery-icon portrait'>\n\t\t\t\t<a data-elementor-open-lightbox=\"yes\" data-elementor-lightbox-slideshow=\"2a9d9ae\" data-elementor-lightbox-title=\"84979533_643317519828164_7431080844204179456_n\" href='https:\/\/funnykidspartyevents.com\/wp-content\/uploads\/2020\/06\/84979533_643317519828164_7431080844204179456_n.jpg'><img width=\"225\" height=\"300\" src=\"https:\/\/funnykidspartyevents.com\/wp-content\/uploads\/2020\/06\/84979533_643317519828164_7431080844204179456_n-225x300.jpg\" class=\"attachment-medium size-medium\" alt=\"\" loading=\"lazy\" srcset=\"https:\/\/funnykidspartyevents.com\/wp-content\/uploads\/2020\/06\/84979533_643317519828164_7431080844204179456_n-225x300.jpg 225w, https:\/\/funnykidspartyevents.com\/wp-content\/uploads\/2020\/06\/84979533_643317519828164_7431080844204179456_n.jpg 720w\" sizes=\"(max-width: 225px) 100vw, 225px\" \/><\/a>\n\t\t\t<\/div><\/figure>\n\t\t<\/div>\n\t\t<\/div>\n\t\t\t\t<\/div>\n\t\t\t\t<\/div>\n\t\t\t\t<div class=\"elementor-element elementor-element-c4cca20 elementor-widget elementor-widget-text-editor\" data-id=\"c4cca20\" data-element_type=\"widget\" data-widget_type=\"text-editor.default\">\n\t\t\t\t<div class=\"elementor-widget-container\">\n\t\t\t\t\t<div class=\"elementor-text-editor elementor-clearfix\"><p>Notre concept &#8211; r\u00e9unir le plaisir et le mouvement.<\/p><p>Anniversaires, jeux et activit\u00e9s sportives. Dehors &#8211; dedans.<\/p><p>Les FunnyKidsPartyEvents organisent des f\u00eates pour les enfants. Nous faisons des jeux et des sports comme le chat et la souris, des courses, des jeux musicaux, et bien d&#8217;autres choses encore.<\/p><\/div>\n\t\t\t\t<\/div>\n\t\t\t\t<\/div>\n\t\t\t\t<div class=\"elementor-element elementor-element-b828fca elementor-widget elementor-widget-image-gallery\" data-id=\"b828fca\" data-element_type=\"widget\" data-widget_type=\"image-gallery.default\">\n\t\t\t\t<div class=\"elementor-widget-container\">\n\t\t\t\t\t<div class=\"elementor-image-gallery\">\n\t\t\t<div id='gallery-2' class='gallery galleryid-224 gallery-columns-2 gallery-size-medium'><figure class='gallery-item'>\n\t\t\t<div class='gallery-icon portrait'>\n\t\t\t\t<a data-elementor-open-lightbox=\"yes\" data-elementor-lightbox-slideshow=\"b828fca\" data-elementor-lightbox-title=\"106277785_740933430066572_1440546292813683807_o\" href='https:\/\/funnykidspartyevents.com\/wp-content\/uploads\/2020\/06\/106277785_740933430066572_1440546292813683807_o.jpg'><img width=\"225\" height=\"300\" src=\"https:\/\/funnykidspartyevents.com\/wp-content\/uploads\/2020\/06\/106277785_740933430066572_1440546292813683807_o-225x300.jpg\" class=\"attachment-medium size-medium\" alt=\"\" loading=\"lazy\" srcset=\"https:\/\/funnykidspartyevents.com\/wp-content\/uploads\/2020\/06\/106277785_740933430066572_1440546292813683807_o-225x300.jpg 225w, https:\/\/funnykidspartyevents.com\/wp-content\/uploads\/2020\/06\/106277785_740933430066572_1440546292813683807_o-768x1024.jpg 768w, https:\/\/funnykidspartyevents.com\/wp-content\/uploads\/2020\/06\/106277785_740933430066572_1440546292813683807_o-1152x1536.jpg 1152w, https:\/\/funnykidspartyevents.com\/wp-content\/uploads\/2020\/06\/106277785_740933430066572_1440546292813683807_o.jpg 1536w\" sizes=\"(max-width: 225px) 100vw, 225px\" \/><\/a>\n\t\t\t<\/div><\/figure><figure class='gallery-item'>\n\t\t\t<div class='gallery-icon portrait'>\n\t\t\t\t<a data-elementor-open-lightbox=\"yes\" data-elementor-lightbox-slideshow=\"b828fca\" data-elementor-lightbox-title=\"104593052_737740480385867_1584998321006326452_o\" href='https:\/\/funnykidspartyevents.com\/wp-content\/uploads\/2020\/06\/104593052_737740480385867_1584998321006326452_o.jpg'><img width=\"225\" height=\"300\" src=\"https:\/\/funnykidspartyevents.com\/wp-content\/uploads\/2020\/06\/104593052_737740480385867_1584998321006326452_o-225x300.jpg\" class=\"attachment-medium size-medium\" alt=\"\" loading=\"lazy\" srcset=\"https:\/\/funnykidspartyevents.com\/wp-content\/uploads\/2020\/06\/104593052_737740480385867_1584998321006326452_o-225x300.jpg 225w, https:\/\/funnykidspartyevents.com\/wp-content\/uploads\/2020\/06\/104593052_737740480385867_1584998321006326452_o-768x1024.jpg 768w, https:\/\/funnykidspartyevents.com\/wp-content\/uploads\/2020\/06\/104593052_737740480385867_1584998321006326452_o-1152x1536.jpg 1152w, https:\/\/funnykidspartyevents.com\/wp-content\/uploads\/2020\/06\/104593052_737740480385867_1584998321006326452_o.jpg 1327w\" sizes=\"(max-width: 225px) 100vw, 225px\" \/><\/a>\n\t\t\t<\/div><\/figure>\n\t\t<\/div>\n\t\t<\/div>\n\t\t\t\t<\/div>\n\t\t\t\t<\/div>\n\t\t\t\t<div class=\"elementor-element elementor-element-03aedaf elementor-widget elementor-widget-text-editor\" data-id=\"03aedaf\" data-element_type=\"widget\" data-widget_type=\"text-editor.default\">\n\t\t\t\t<div class=\"elementor-widget-container\">\n\t\t\t\t\t<div class=\"elementor-text-editor elementor-clearfix\"><p>Des animateurs professionnels, avec un large \u00e9ventail de jeux et d&#8217;activit\u00e9s sportives.<\/p><p>Moi, Irina Blanaru, je m&#8217;occupe de l&#8217;animation. Autres animateurs sur demande.<\/p><p>Nous parlons le fran\u00e7ais, le luxembourgeois, l&#8217;allemand, l&#8217;anglais et le roumain.<\/p><p>Plus que de grands discours !<\/p><p>Nous esp\u00e9rons que les photos de nos activit\u00e9s vous inciteront \u00e0 nous contacter.<\/p><\/div>\n\t\t\t\t<\/div>\n\t\t\t\t<\/div>\n\t\t\t\t\t\t<\/div>\n\t\t\t<\/div>\n\t\t<\/div>\n\t\t\t\t\t\t<\/div>\n\t\t\t<\/div>\n\t\t<\/section>\n\t\t\t\t<section class=\"elementor-element elementor-element-0850649 elementor-section-boxed elementor-section-height-default elementor-section-height-default elementor-section elementor-top-section\" data-id=\"0850649\" data-element_type=\"section\">\n\t\t\t\t\t\t<div class=\"elementor-container elementor-column-gap-default\">\n\t\t\t\t<div class=\"elementor-row\">\n\t\t\t\t<div class=\"elementor-element elementor-element-dfd4a32 elementor-column elementor-col-100 elementor-top-column\" data-id=\"dfd4a32\" data-element_type=\"column\">\n\t\t\t<div class=\"elementor-column-wrap  elementor-element-populated\">\n\t\t\t\t\t<div class=\"elementor-widget-wrap\">\n\t\t\t\t<div class=\"elementor-element elementor-element-73e8574 elementor-widget elementor-widget-text-editor\" data-id=\"73e8574\" data-element_type=\"widget\" data-widget_type=\"text-editor.default\">\n\t\t\t\t<div class=\"elementor-widget-container\">\n\t\t\t\t\t<div class=\"elementor-text-editor elementor-clearfix\"><p>Contactez-nous d\u00e8s aujourd&#8217;hui et vivez la f\u00eate parfaite avec beaucoup de plaisir et des yeux d&#8217;enfants brillants<\/p><\/div>\n\t\t\t\t<\/div>\n\t\t\t\t<\/div>\n\t\t\t\t<div class=\"elementor-element elementor-element-f54fe4b elementor-view-default elementor-position-top elementor-vertical-align-top elementor-widget elementor-widget-icon-box\" data-id=\"f54fe4b\" data-element_type=\"widget\" data-widget_type=\"icon-box.default\">\n\t\t\t\t<div class=\"elementor-widget-container\">\n\t\t\t\t\t<div class=\"elementor-icon-box-wrapper\">\n\t\t\t\t\t\t<div class=\"elementor-icon-box-icon\">\n\t\t\t\t<a class=\"elementor-icon elementor-animation-\" href=\"https:\/\/m.me\/FunnyKidsPartyEvents?ref=w11195932\">\n\t\t\t\t<i aria-hidden=\"true\" class=\"fab fa-facebook-messenger\"><\/i>\t\t\t\t<\/a>\n\t\t\t<\/div>\n\t\t\t\t\t\t<div class=\"elementor-icon-box-content\">\n\t\t\t\t<h3 class=\"elementor-icon-box-title\">\n\t\t\t\t\t<a href=\"https:\/\/m.me\/FunnyKidsPartyEvents?ref=w11195932\">Ecrivez-nous<\/a>\n\t\t\t\t<\/h3>\n\t\t\t\t\t\t\t<\/div>\n\t\t<\/div>\n\t\t\t\t<\/div>\n\t\t\t\t<\/div>\n\t\t\t\t\t\t<\/div>\n\t\t\t<\/div>\n\t\t<\/div>\n\t\t\t\t\t\t<\/div>\n\t\t\t<\/div>\n\t\t<\/section>\n\t\t\t\t\t\t<\/div>\n\t\t\t<\/div>\n\t\t<\/div>\n\t\t","protected":false},"excerpt":{"rendered":"","protected":false},"author":1,"featured_media":0,"parent":0,"menu_order":0,"comment_status":"closed","ping_status":"closed","template":"","meta":[],"_links":{"self":[{"href":"https:\/\/funnykidspartyevents.com\/index.php?rest_route=\/wp\/v2\/pages\/224"}],"collection":[{"href":"https:\/\/funnykidspartyevents.com\/index.php?rest_route=\/wp\/v2\/pages"}],"about":[{"href":"https:\/\/funnykidspartyevents.com\/index.php?rest_route=\/wp\/v2\/types\/page"}],"author":[{"embeddable":true,"href":"https:\/\/funnykidspartyevents.com\/index.php?rest_route=\/wp\/v2\/users\/1"}],"replies":[{"embeddable":true,"href":"https:\/\/funnykidspartyevents.com\/index.php?rest_route=%2Fwp%2Fv2%2Fcomments&post=224"}],"version-history":[{"count":1,"href":"https:\/\/funnykidspartyevents.com\/index.php?rest_route=\/wp\/v2\/pages\/224\/revisions"}],"predecessor-version":[{"id":227,"href":"https:\/\/funnykidspartyevents.com\/index.php?rest_route=\/wp\/v2\/pages\/224\/revisions\/227"}],"wp:attachment":[{"href":"https:\/\/funnykidspartyevents.com\/index.php?rest_route=%2Fwp%2Fv2%2Fmedia&parent=224"}],"curies":[{"name":"wp","href":"https:\/\/api.w.org\/{rel}","templated":true}]}}