{"id":287,"date":"2020-07-06T19:40:38","date_gmt":"2020-07-06T19:40:38","guid":{"rendered":"http:\/\/funnykidspartyevents.com\/?page_id=287"},"modified":"2020-07-06T19:46:05","modified_gmt":"2020-07-06T19:46:05","slug":"disclaimer","status":"publish","type":"page","link":"https:\/\/funnykidspartyevents.com\/?page_id=287&lang=fr","title":{"rendered":"Disclaimer"},"content":{"rendered":"\t\t<div data-elementor-type=\"wp-page\" data-elementor-id=\"287\" class=\"elementor elementor-287\" data-elementor-settings=\"[]\">\n\t\t\t<div class=\"elementor-inner\">\n\t\t\t\t<div class=\"elementor-section-wrap\">\n\t\t\t\t\t\t\t<section class=\"elementor-element elementor-element-130224d elementor-section-boxed elementor-section-height-default elementor-section-height-default elementor-section elementor-top-section\" data-id=\"130224d\" data-element_type=\"section\">\n\t\t\t\t\t\t<div class=\"elementor-container elementor-column-gap-default\">\n\t\t\t\t<div class=\"elementor-row\">\n\t\t\t\t<div class=\"elementor-element elementor-element-9842934 elementor-column elementor-col-100 elementor-top-column\" data-id=\"9842934\" data-element_type=\"column\">\n\t\t\t<div class=\"elementor-column-wrap  elementor-element-populated\">\n\t\t\t\t\t<div class=\"elementor-widget-wrap\">\n\t\t\t\t<div class=\"elementor-element elementor-element-41d5959 elementor-widget elementor-widget-html\" data-id=\"41d5959\" data-element_type=\"widget\" data-widget_type=\"html.default\">\n\t\t\t\t<div class=\"elementor-widget-container\">\n\t\t\t\n<p>Irina Blanaru<br \/>\nFunnyKidsPartyEvents<br \/>Hubertus von Nell 19<br \/>66706 Perl<\/p>\n<p>Telefon: +352 621 518 776<br \/>\nE-Mail: <a href=\"mailto:funnykidspartyevents@gmail.com\">funnykidspartyevents@gmail.com<\/a><br \/>\n<\/p>\n<p><strong>Identification de la taxe sur la valeur ajout\u00e9e: <\/strong><br \/>Num\u00e9ro d'identification de la taxe de vente conform\u00e9ment \u00e0 l'article 27a de la loi sur la taxe de vente:<br \/>DE36245976181<\/p><br \/><br \/><h2>Disclaimer \u2013 r\u00e9f\u00e9rences juridiques<\/h2>\n\u00a7 1 Avertissement sur le contenu<br \/>\nLes contenus de ce site web, gratuits et librement accessibles, ont \u00e9t\u00e9 cr\u00e9\u00e9s avec le plus grand soin. Toutefois, le fournisseur de ce site web n'accepte aucune responsabilit\u00e9 quant \u00e0 l'exactitude et l'actualit\u00e9 des conseils et des nouvelles journalistiques fournis gratuitement et librement accessibles. Les contributions identifi\u00e9es par leur nom refl\u00e8tent l'opinion de l'auteur respectif et pas toujours celle du fournisseur. Le simple fait d'acc\u00e9der \u00e0 un contenu libre et gratuit ne constitue pas une relation contractuelle entre l'utilisateur et le fournisseur ; \u00e0 cet \u00e9gard, la volont\u00e9 du fournisseur d'\u00eatre juridiquement li\u00e9 fait d\u00e9faut.<br \/>\n<br \/>\n\u00a7 2 Liens externes<br \/>\nCe site web contient des liens vers des sites web de tiers (\"liens externes\"). Ces sites web sont soumis \u00e0 la responsabilit\u00e9 des op\u00e9rateurs respectifs. Lors de la cr\u00e9ation des liens externes, le fournisseur a v\u00e9rifi\u00e9 les contenus externes pour d\u00e9tecter d'\u00e9ventuelles violations de la loi. \u00c0 cette \u00e9poque, aucune violation de la loi n'\u00e9tait apparente. Le fournisseur n'a aucune influence sur la conception et le contenu actuels et futurs des sites li\u00e9s. La mise en place de liens externes ne signifie pas que le fournisseur s'approprie le contenu des liens ou des r\u00e9f\u00e9rences. On ne peut raisonnablement attendre du fournisseur qu'il contr\u00f4le constamment les liens externes sans preuves concr\u00e8tes de violations de la loi. Toutefois, si des violations de la loi sont connues, ces liens externes seront imm\u00e9diatement supprim\u00e9s.<br \/>\n<br \/>\n\u00a7 3 Droits d'auteur et droits voisins<br\/>\nLes contenus publi\u00e9s sur ce site sont soumis \u00e0 la l\u00e9gislation allemande sur le droit d'auteur et les droits voisins. Toute utilisation non autoris\u00e9e par la loi allemande sur les droits d'auteur et les droits voisins n\u00e9cessite l'accord \u00e9crit pr\u00e9alable du fournisseur ou du titulaire des droits concern\u00e9s. Cela s'applique en particulier \u00e0 la copie, l'\u00e9dition, la traduction, le stockage, le traitement ou la reproduction de contenus dans des bases de donn\u00e9es ou d'autres m\u00e9dias et syst\u00e8mes \u00e9lectroniques. Les contenus et les droits des tiers sont marqu\u00e9s comme tels. La reproduction ou la transmission non autoris\u00e9e de contenus individuels ou de pages compl\u00e8tes n'est pas autoris\u00e9e et est punie par la loi. Seule la production de copies et de t\u00e9l\u00e9chargements pour un usage personnel, priv\u00e9 et non commercial est autoris\u00e9e.<br \/>\n<br \/>\nLa pr\u00e9sentation de ce site web dans des cadres externes n'est autoris\u00e9e qu'avec une autorisation \u00e9crite.<br \/>\n<br \/>\n\u00a7 4 Conditions particuli\u00e8res d'utilisation<br \/>\nDans la mesure o\u00f9 des conditions particuli\u00e8res d'utilisation individuelle de ce site web s'\u00e9cartent des paragraphes susmentionn\u00e9s, cela sera express\u00e9ment signal\u00e9 \u00e0 l'endroit appropri\u00e9. Dans ce cas, les conditions particuli\u00e8res d'utilisation s'appliquent dans chaque cas individuel.\t\t<\/div>\n\t\t\t\t<\/div>\n\t\t\t\t\t\t<\/div>\n\t\t\t<\/div>\n\t\t<\/div>\n\t\t\t\t\t\t<\/div>\n\t\t\t<\/div>\n\t\t<\/section>\n\t\t\t\t\t\t<\/div>\n\t\t\t<\/div>\n\t\t<\/div>\n\t\t","protected":false},"excerpt":{"rendered":"<p>Irina Blanaru FunnyKidsPartyEventsHubertus von Nell 1966706 Perl Telefon: +352 621 518 776 E-Mail: funnykidspartyevents@gmail.com Identification de la taxe sur la valeur ajout\u00e9e: Num\u00e9ro d&#8217;identification de la taxe de vente conform\u00e9ment \u00e0 l&#8217;article 27a de la loi sur la taxe de vente:DE36245976181 Disclaimer \u2013 r\u00e9f\u00e9rences juridiques \u00a7 1 Avertissement sur le contenu Les contenus de ce <a class=\"read-more\" href=\"https:\/\/funnykidspartyevents.com\/?page_id=287&#038;lang=fr\">READ MORE<\/a><\/p>\n","protected":false},"author":1,"featured_media":0,"parent":0,"menu_order":0,"comment_status":"closed","ping_status":"closed","template":"","meta":[],"_links":{"self":[{"href":"https:\/\/funnykidspartyevents.com\/index.php?rest_route=\/wp\/v2\/pages\/287"}],"collection":[{"href":"https:\/\/funnykidspartyevents.com\/index.php?rest_route=\/wp\/v2\/pages"}],"about":[{"href":"https:\/\/funnykidspartyevents.com\/index.php?rest_route=\/wp\/v2\/types\/page"}],"author":[{"embeddable":true,"href":"https:\/\/funnykidspartyevents.com\/index.php?rest_route=\/wp\/v2\/users\/1"}],"replies":[{"embeddable":true,"href":"https:\/\/funnykidspartyevents.com\/index.php?rest_route=%2Fwp%2Fv2%2Fcomments&post=287"}],"version-history":[{"count":3,"href":"https:\/\/funnykidspartyevents.com\/index.php?rest_route=\/wp\/v2\/pages\/287\/revisions"}],"predecessor-version":[{"id":290,"href":"https:\/\/funnykidspartyevents.com\/index.php?rest_route=\/wp\/v2\/pages\/287\/revisions\/290"}],"wp:attachment":[{"href":"https:\/\/funnykidspartyevents.com\/index.php?rest_route=%2Fwp%2Fv2%2Fmedia&parent=287"}],"curies":[{"name":"wp","href":"https:\/\/api.w.org\/{rel}","templated":true}]}}